{"id":1241,"date":"2020-05-14T20:11:21","date_gmt":"2020-05-14T20:11:21","guid":{"rendered":"https:\/\/manabe-and-co.com\/?page_id=1241"},"modified":"2020-05-22T23:51:39","modified_gmt":"2020-05-22T23:51:39","slug":"what-we-pursue","status":"publish","type":"page","link":"https:\/\/manabe-and-co.com\/es\/what-we-pursue\/","title":{"rendered":"What_We_Pursue"},"content":{"rendered":"<div data-elementor-type=\"wp-page\" data-elementor-id=\"1241\" class=\"elementor elementor-1241\">\n\t\t\t\t\t\t<section class=\"elementor-section elementor-top-section elementor-element elementor-element-1756fc8 elementor-section-boxed elementor-section-height-default elementor-section-height-default\" data-id=\"1756fc8\" data-element_type=\"section\" data-settings=\"{&quot;background_background&quot;:&quot;classic&quot;}\">\n\t\t\t\t\t\t<div class=\"elementor-container elementor-column-gap-default\">\n\t\t\t\t\t<div class=\"elementor-column elementor-col-100 elementor-top-column elementor-element elementor-element-d09c855\" data-id=\"d09c855\" data-element_type=\"column\">\n\t\t\t<div class=\"elementor-widget-wrap elementor-element-populated\">\n\t\t\t\t\t\t<div class=\"elementor-element elementor-element-f3bcdc0 elementor-widget elementor-widget-heading\" data-id=\"f3bcdc0\" data-element_type=\"widget\" data-widget_type=\"heading.default\">\n\t\t\t\t<div class=\"elementor-widget-container\">\n\t\t\t\t\t<h2 class=\"elementor-heading-title elementor-size-default\">Nuestras Metas<\/h2>\t\t\t\t<\/div>\n\t\t\t\t<\/div>\n\t\t\t\t\t<\/div>\n\t\t<\/div>\n\t\t\t\t\t<\/div>\n\t\t<\/section>\n\t\t\t\t<section class=\"elementor-section elementor-top-section elementor-element elementor-element-84f9a18 elementor-section-boxed elementor-section-height-default elementor-section-height-default\" data-id=\"84f9a18\" data-element_type=\"section\">\n\t\t\t\t\t\t<div class=\"elementor-container elementor-column-gap-default\">\n\t\t\t\t\t<div class=\"elementor-column elementor-col-100 elementor-top-column elementor-element elementor-element-5e83b10\" data-id=\"5e83b10\" data-element_type=\"column\">\n\t\t\t<div class=\"elementor-widget-wrap elementor-element-populated\">\n\t\t\t\t\t\t<div class=\"elementor-element elementor-element-b416a6d elementor-widget elementor-widget-spacer\" data-id=\"b416a6d\" data-element_type=\"widget\" data-widget_type=\"spacer.default\">\n\t\t\t\t<div class=\"elementor-widget-container\">\n\t\t\t\t\t\t\t<div class=\"elementor-spacer\">\n\t\t\t<div class=\"elementor-spacer-inner\"><\/div>\n\t\t<\/div>\n\t\t\t\t\t\t<\/div>\n\t\t\t\t<\/div>\n\t\t\t\t<div class=\"elementor-element elementor-element-4979988 elementor-widget elementor-widget-text-editor\" data-id=\"4979988\" data-element_type=\"widget\" data-widget_type=\"text-editor.default\">\n\t\t\t\t<div class=\"elementor-widget-container\">\n\t\t\t\t\t\t\t\t\t<span style=\"color:#2dbdf9; font-size:150%; font-weight:bold;\">PERSONAS PERSONAS PERSONAS<\/span>\n<p>Consideramos a nuestra empresa como un verdadero broker de productos del mar, conectando productores serios y distribuidores reflexivos. Nuestro negocio comienza con personas y se completa con personas.<br>   \nEs por eso que tenemos las personas m\u00e1s talentosas para compensar el peque\u00f1o tama\u00f1o de nuestra empresa.<\/p>\n\n<p>\u79c1\u305f\u3061\u306f\u4eba\u3068\u306e\u3064\u306a\u304c\u308a\u3092\u5927\u5207\u306b\u3059\u308b\u5fc3\u306e\u901a\u3063\u305f\u30d3\u30b8\u30cd\u30b9\u3092\u76ee\u6307\u3057\u3066\u3044\u307e\u3059\u3002<br>\n\u300c\u672c\u7269\u300d\u306e\u3082\u306e\u3065\u304f\u308a\u3092\u3059\u308b\u751f\u7523\u8005\u3068\u300c\u672c\u7269\u300d\u3092\u5c4a\u3051\u305f\u3044\u554f\u5c4b\u3055\u3093\u3092\u7e4b\u3050\u300c\u672c\u7269\u300d\u306e\u6c34\u7523\u54c1\u30d6\u30ed\u30fc\u30ab\u30fc\u3068\u81ea\u8ca0\u3057\u3066\u304a\u308a\u307e\u3059\u3002<br>\n\u304a\u5ba2\u69d8\u306b\u7b11\u9854\u3092\u6d6e\u304b\u3079\u3066\u3044\u305f\u3060\u304f\u305f\u3081\u306b\u3001\u7d30\u5fc3\u306e\u5fc3\u914d\u308a\u3092\u6255\u3063\u3066\u3001\u30cb\u30fc\u30ba\u3001\u3054\u8981\u671b\u306b\u304a\u5fdc\u3048\u3059\u308b\u5546\u54c1\u3092\u304a\u5c4a\u3051\u3059\u308b\u3053\u3068\u304c\u76ee\u6a19\u3067\u3059\u3002<\/p>\t\t\t\t\t\t\t\t<\/div>\n\t\t\t\t<\/div>\n\t\t\t\t<div class=\"elementor-element elementor-element-aaf74ee elementor-widget-divider--view-line_icon elementor-view-default elementor-widget-divider--element-align-center elementor-widget elementor-widget-divider\" data-id=\"aaf74ee\" data-element_type=\"widget\" data-widget_type=\"divider.default\">\n\t\t\t\t<div class=\"elementor-widget-container\">\n\t\t\t\t\t\t\t<div class=\"elementor-divider\">\n\t\t\t<span class=\"elementor-divider-separator\">\n\t\t\t\t\t\t\t<div class=\"elementor-icon elementor-divider__element\">\n\t\t\t\t\t<svg xmlns=\"http:\/\/www.w3.org\/2000\/svg\" xmlns:xlink=\"http:\/\/www.w3.org\/1999\/xlink\" id=\"Layer_1\" x=\"0px\" y=\"0px\" width=\"57px\" height=\"29px\" viewbox=\"0 0 57 29\" xml:space=\"preserve\"><path fill=\"#2BA9FF\" d=\"M2.241,28.446c1.147-0.552,6.619-2.973,11.642-10.229c3.603,4.013,12.415,9.408,21.033,9.052  c14.764-0.619,21.651-10.479,21.651-12.048c0-1.282-7.409-10.576-21.651-11.685c-8.328-0.646-16.876,4.606-20.679,8.404  C9.113,4.213,3.421,1.671,2.241,1.106c-1.272-0.61-0.766,0.603,0.396,3.231c1.499,3.368,2.282,6.761,2.282,10.447  c0,3.688-0.783,7.059-2.282,10.428C1.475,27.843,0.968,29.056,2.241,28.446z M41.581,13.788c0-1.733,1.455-3.139,3.244-3.139  s3.241,1.406,3.241,3.139c0,1.733-1.452,3.138-3.241,3.138S41.581,15.521,41.581,13.788z\"><\/path><\/svg><\/div>\n\t\t\t\t\t\t<\/span>\n\t\t<\/div>\n\t\t\t\t\t\t<\/div>\n\t\t\t\t<\/div>\n\t\t\t\t<div class=\"elementor-element elementor-element-3bda98f elementor-widget elementor-widget-text-editor\" data-id=\"3bda98f\" data-element_type=\"widget\" data-widget_type=\"text-editor.default\">\n\t\t\t\t<div class=\"elementor-widget-container\">\n\t\t\t\t\t\t\t\t\t<span style=\"color:#2dbdf9; font-size:150%; font-weight:bold;\">RECURSOS RECURSOS RECURSOS<\/span>\n<p>Nadie discutir\u00e1 en contra de la conservaci\u00f3n de los valiosos recursos oce\u00e1nicos.<br> \nNosotros apoyamos decididamente los esfuerzos de las pesquer\u00edas internacionales sostenibles realizadas por organizaciones como Marine Stewardship Council.<\/p>\n\n<p>\u9650\u3089\u308c\u305f\u8cc7\u6e90\u3092\u5b88\u308a\u3001\u305d\u306e\u8cc7\u6e90\u3092\u6b21\u306e\u4e16\u4ee3\u306b\u6b8b\u3059\u305f\u3081\u306b\u3001MSC(Marine Stewardship Council)\u3092\u306f\u3058\u3081\u3068\u3059\u308b\u56e3\u4f53\u3068\u305d\u306e\u666e\u53ca\u6d3b\u52d5\u306b\u8cdb\u540c\u3057\u307e\u3059\u3002\u79c1\u305f\u3061\u306e\u6d3b\u52d5\u304c\u4e0e\u3048\u308b\u5f71\u97ff\u306b\u8cac\u4efb\u3092\u6301\u3061\u3001\u74b0\u5883\u3001\u30b5\u30b9\u30c6\u30ca\u30d3\u30ea\u30c6\u30a3\u3092\u8003\u616e\u3057\u3001\u305d\u306e\u4e2d\u3067\u5b89\u5168\u3067\u304a\u3044\u3057\u3044\u3082\u306e\u3092\u4e16\u754c\u4e2d\u3067\u63a2\u3057\u3001\u63d0\u6848\u3057\u3066\u3044\u307e\u3059\u3002\n<\/p>\t\t\t\t\t\t\t\t<\/div>\n\t\t\t\t<\/div>\n\t\t\t\t<div class=\"elementor-element elementor-element-ba0b813 elementor-widget-divider--view-line_icon elementor-view-default elementor-widget-divider--element-align-center elementor-widget elementor-widget-divider\" data-id=\"ba0b813\" data-element_type=\"widget\" data-widget_type=\"divider.default\">\n\t\t\t\t<div class=\"elementor-widget-container\">\n\t\t\t\t\t\t\t<div class=\"elementor-divider\">\n\t\t\t<span class=\"elementor-divider-separator\">\n\t\t\t\t\t\t\t<div class=\"elementor-icon elementor-divider__element\">\n\t\t\t\t\t<svg xmlns=\"http:\/\/www.w3.org\/2000\/svg\" xmlns:xlink=\"http:\/\/www.w3.org\/1999\/xlink\" id=\"Layer_1\" x=\"0px\" y=\"0px\" width=\"57px\" height=\"29px\" viewbox=\"0 0 57 29\" xml:space=\"preserve\"><path fill=\"#2BA9FF\" d=\"M2.241,28.446c1.147-0.552,6.619-2.973,11.642-10.229c3.603,4.013,12.415,9.408,21.033,9.052  c14.764-0.619,21.651-10.479,21.651-12.048c0-1.282-7.409-10.576-21.651-11.685c-8.328-0.646-16.876,4.606-20.679,8.404  C9.113,4.213,3.421,1.671,2.241,1.106c-1.272-0.61-0.766,0.603,0.396,3.231c1.499,3.368,2.282,6.761,2.282,10.447  c0,3.688-0.783,7.059-2.282,10.428C1.475,27.843,0.968,29.056,2.241,28.446z M41.581,13.788c0-1.733,1.455-3.139,3.244-3.139  s3.241,1.406,3.241,3.139c0,1.733-1.452,3.138-3.241,3.138S41.581,15.521,41.581,13.788z\"><\/path><\/svg><\/div>\n\t\t\t\t\t\t<\/span>\n\t\t<\/div>\n\t\t\t\t\t\t<\/div>\n\t\t\t\t<\/div>\n\t\t\t\t<div class=\"elementor-element elementor-element-300d025 elementor-widget elementor-widget-text-editor\" data-id=\"300d025\" data-element_type=\"widget\" data-widget_type=\"text-editor.default\">\n\t\t\t\t<div class=\"elementor-widget-container\">\n\t\t\t\t\t\t\t\t\t<span style=\"color:#2dbdf9; font-size:150%; font-weight:bold;\">CALIDAD CALIDAD CALIDAD<\/span>\n<p>Creemos que la FRESCURA DE LAS MATERIAS PRIMAS, NINGUNO O MENOS ADITIVOS SEGUROS, UNA CONGELACI\u00d3N R\u00c1PIDA Y FUERTE son las claves de una buena calidad.<br>   \nNos esforzamos por encontrar y entregar sabrosos productos de calidad as\u00ed como felicidad a nuestros clientes.<\/p>\n\n<p>\u65b0\u9bae\u306a\u539f\u6599\u3001\u7121\u6dfb\u52a0\u307e\u305f\u306f\u6700\u5c0f\u9650\u306e\u6dfb\u52a0\u7269\u3001\u9ad8\u5ea6\u306a\u51b7\u51cd\u6280\u8853\u304c\u54c1\u8cea\u306e\u30ab\u30ae\u3060\u3068\u8003\u3048\u3066\u3044\u307e\u3059\u3002\u5b89\u5168\u5b89\u5fc3\u306e\u54c1\u8cea\u3001\u5fc3\u3092\u8c4a\u304b\u306b\u3001\u5e78\u305b\u306b\u3059\u308b\u3001\u304a\u3044\u3057\u3044\u6c34\u7523\u54c1\u3092\u304a\u5c4a\u3051\u3057\u307e\u3059\u3002<\/p>\t\t\t\t\t\t\t\t<\/div>\n\t\t\t\t<\/div>\n\t\t\t\t<div class=\"elementor-element elementor-element-816b8a3 elementor-widget elementor-widget-spacer\" data-id=\"816b8a3\" data-element_type=\"widget\" data-widget_type=\"spacer.default\">\n\t\t\t\t<div class=\"elementor-widget-container\">\n\t\t\t\t\t\t\t<div class=\"elementor-spacer\">\n\t\t\t<div class=\"elementor-spacer-inner\"><\/div>\n\t\t<\/div>\n\t\t\t\t\t\t<\/div>\n\t\t\t\t<\/div>\n\t\t\t\t\t<\/div>\n\t\t<\/div>\n\t\t\t\t\t<\/div>\n\t\t<\/section>\n\t\t\t\t<\/div>","protected":false},"excerpt":{"rendered":"<p>What We Pursue PEOPLE PEOPLE PEOPLE We consider our company as a true broker of seafood, connecting serious producers and thoughtful distributors. Our business starts with people and completes with people. This is why we have the most talented people to compensate the small size of the company. \u79c1\u305f\u3061\u306f\u4eba\u3068\u306e\u3064\u306a\u304c\u308a\u3092\u5927\u5207\u306b\u3059\u308b\u5fc3\u306e\u901a\u3063\u305f\u30d3\u30b8\u30cd\u30b9\u3092\u76ee\u6307\u3057\u3066\u3044\u307e\u3059\u3002 \u300c\u672c\u7269\u300d\u306e\u3082\u306e\u3065\u304f\u308a\u3092\u3059\u308b\u751f\u7523\u8005\u3068\u300c\u672c\u7269\u300d\u3092\u5c4a\u3051\u305f\u3044\u554f\u5c4b\u3055\u3093\u3092\u7e4b\u3050\u300c\u672c\u7269\u300d\u306e\u6c34\u7523\u54c1\u30d6\u30ed\u30fc\u30ab\u30fc\u3068\u81ea\u8ca0\u3057\u3066\u304a\u308a\u307e\u3059\u3002 \u304a\u5ba2\u69d8\u306b\u7b11\u9854\u3092\u6d6e\u304b\u3079\u3066\u3044\u305f\u3060\u304f\u305f\u3081\u306b\u3001\u7d30\u5fc3\u306e\u5fc3\u914d\u308a\u3092\u6255\u3063\u3066\u3001\u30cb\u30fc\u30ba\u3001\u3054\u8981\u671b\u306b\u304a\u5fdc\u3048\u3059\u308b\u5546\u54c1\u3092\u304a\u5c4a\u3051\u3059\u308b\u3053\u3068\u304c\u76ee\u6a19\u3067\u3059\u3002 RESOURCE RESOURCE RESOURCE No-one &hellip;<\/p>\n<p class=\"read-more\"> <a class=\"\" href=\"https:\/\/manabe-and-co.com\/es\/what-we-pursue\/\"> <span class=\"screen-reader-text\">What_We_Pursue<\/span> Leer m\u00e1s &raquo;<\/a><\/p>","protected":false},"author":1,"featured_media":0,"parent":0,"menu_order":0,"comment_status":"closed","ping_status":"closed","template":"","meta":{"footnotes":""},"class_list":["post-1241","page","type-page","status-publish","hentry"],"_links":{"self":[{"href":"https:\/\/manabe-and-co.com\/es\/wp-json\/wp\/v2\/pages\/1241","targetHints":{"allow":["GET"]}}],"collection":[{"href":"https:\/\/manabe-and-co.com\/es\/wp-json\/wp\/v2\/pages"}],"about":[{"href":"https:\/\/manabe-and-co.com\/es\/wp-json\/wp\/v2\/types\/page"}],"author":[{"embeddable":true,"href":"https:\/\/manabe-and-co.com\/es\/wp-json\/wp\/v2\/users\/1"}],"replies":[{"embeddable":true,"href":"https:\/\/manabe-and-co.com\/es\/wp-json\/wp\/v2\/comments?post=1241"}],"version-history":[{"count":5,"href":"https:\/\/manabe-and-co.com\/es\/wp-json\/wp\/v2\/pages\/1241\/revisions"}],"predecessor-version":[{"id":1273,"href":"https:\/\/manabe-and-co.com\/es\/wp-json\/wp\/v2\/pages\/1241\/revisions\/1273"}],"wp:attachment":[{"href":"https:\/\/manabe-and-co.com\/es\/wp-json\/wp\/v2\/media?parent=1241"}],"curies":[{"name":"wp","href":"https:\/\/api.w.org\/{rel}","templated":true}]}}